{"id":1105,"date":"2021-11-10T09:54:07","date_gmt":"2021-11-10T09:54:07","guid":{"rendered":"http:\/\/93.113.207.20\/index.php\/reservation\/"},"modified":"2026-01-18T18:44:01","modified_gmt":"2026-01-18T16:44:01","slug":"reservation","status":"publish","type":"page","link":"https:\/\/www.odelicesdespapilles.fr\/index.php\/reservation\/","title":{"rendered":"Reservation"},"content":{"rendered":"\t\t<div data-elementor-type=\"wp-page\" data-elementor-id=\"1105\" class=\"elementor elementor-1105\">\n\t\t\t\t\t\t\t\t\t<section class=\"elementor-section elementor-top-section elementor-element elementor-element-59627392 elementor-section-boxed elementor-section-height-default elementor-section-height-default\" data-id=\"59627392\" data-element_type=\"section\">\n\t\t\t\t\t\t<div class=\"elementor-container elementor-column-gap-default\">\n\t\t\t\t\t<div class=\"elementor-column elementor-col-100 elementor-top-column elementor-element elementor-element-44ecfeed\" data-id=\"44ecfeed\" data-element_type=\"column\">\n\t\t\t<div class=\"elementor-widget-wrap elementor-element-populated\">\n\t\t\t\t\t\t\t\t<div class=\"elementor-element elementor-element-663dd419 elementor-widget elementor-widget-text-editor\" data-id=\"663dd419\" data-element_type=\"widget\" data-widget_type=\"text-editor.default\">\n\t\t\t\t<div class=\"elementor-widget-container\">\n\t\t\t<style>\/*! elementor - v3.7.3 - 29-08-2022 *\/\n.elementor-widget-text-editor.elementor-drop-cap-view-stacked .elementor-drop-cap{background-color:#818a91;color:#fff}.elementor-widget-text-editor.elementor-drop-cap-view-framed .elementor-drop-cap{color:#818a91;border:3px solid;background-color:transparent}.elementor-widget-text-editor:not(.elementor-drop-cap-view-default) .elementor-drop-cap{margin-top:8px}.elementor-widget-text-editor:not(.elementor-drop-cap-view-default) .elementor-drop-cap-letter{width:1em;height:1em}.elementor-widget-text-editor .elementor-drop-cap{float:left;text-align:center;line-height:1;font-size:50px}.elementor-widget-text-editor .elementor-drop-cap-letter{display:inline-block}<\/style>\t\t\t\t<h4 style=\"text-align: center; color: #ff0000;\"><span style=\"color: #e03d3d;\"><strong>POUR LE SERVICE EN COURS, APPELEZ LE 03 26 72 51 60<br><\/strong>(Les r\u00e9servations en ligne sont bloqu\u00e9es 1h00 avant le d\u00e9but de chaque&nbsp; service)<\/span><\/h4>\n<h5 style=\"text-align: center; color: #000000;\">Votre accueil reste notre priorit\u00e9.<\/h5>\n<h5 style=\"text-align: center;\"><strong><span class=\"dt-highlight\" >Merci de patienter quelques minutes et de v\u00e9rifier vos SPAMS, la r\u00e9ponse s&#8217;y trouve s\u00fbrement&nbsp;&nbsp; <\/span><\/strong><\/h5>\n<p><br><\/p>\t\t\t\t\t\t<\/div>\n\t\t\t\t<\/div>\n\t\t\t\t\t<\/div>\n\t\t<\/div>\n\t\t\t\t\t\t\t<\/div>\n\t\t<\/section>\n\t\t\t\t\t\t\t<\/div>\n\t\t","protected":false},"excerpt":{"rendered":"<p>POUR LE SERVICE EN COURS, APPELEZ LE 03 26 72 51 60(Les r\u00e9servations en ligne sont bloqu\u00e9es 1h00 avant le d\u00e9but de chaque&nbsp; service) Votre accueil reste notre priorit\u00e9.<\/p>\n","protected":false},"author":1,"featured_media":0,"parent":0,"menu_order":0,"comment_status":"closed","ping_status":"closed","template":"","meta":{"footnotes":""},"_links":{"self":[{"href":"https:\/\/www.odelicesdespapilles.fr\/index.php\/wp-json\/wp\/v2\/pages\/1105"}],"collection":[{"href":"https:\/\/www.odelicesdespapilles.fr\/index.php\/wp-json\/wp\/v2\/pages"}],"about":[{"href":"https:\/\/www.odelicesdespapilles.fr\/index.php\/wp-json\/wp\/v2\/types\/page"}],"author":[{"embeddable":true,"href":"https:\/\/www.odelicesdespapilles.fr\/index.php\/wp-json\/wp\/v2\/users\/1"}],"replies":[{"embeddable":true,"href":"https:\/\/www.odelicesdespapilles.fr\/index.php\/wp-json\/wp\/v2\/comments?post=1105"}],"version-history":[{"count":67,"href":"https:\/\/www.odelicesdespapilles.fr\/index.php\/wp-json\/wp\/v2\/pages\/1105\/revisions"}],"predecessor-version":[{"id":4811,"href":"https:\/\/www.odelicesdespapilles.fr\/index.php\/wp-json\/wp\/v2\/pages\/1105\/revisions\/4811"}],"wp:attachment":[{"href":"https:\/\/www.odelicesdespapilles.fr\/index.php\/wp-json\/wp\/v2\/media?parent=1105"}],"curies":[{"name":"wp","href":"https:\/\/api.w.org\/{rel}","templated":true}]}}