{"id":212,"date":"2016-07-20T20:07:18","date_gmt":"2016-07-20T19:07:18","guid":{"rendered":"https:\/\/the7.io\/restaurant\/?page_id=212"},"modified":"2023-07-19T04:50:50","modified_gmt":"2023-07-19T04:50:50","slug":"menu","status":"publish","type":"page","link":"https:\/\/www.odelicesdespapilles.fr\/index.php\/menu\/","title":{"rendered":"Menu"},"content":{"rendered":"<p>[vc_row equal_height=&#8221;yes&#8221; type=&#8221;vc_default&#8221; css=&#8221;.vc_custom_1474194287078{padding-bottom: 90px !important;}&#8221;][vc_column css=&#8221;.vc_custom_1671430580825{padding-top: 10px !important;padding-bottom: 0px !important;}&#8221;]<div id=\"ultimate-heading-849969fb3b2a2c21a\" class=\"uvc-heading ult-adjust-bottom-margin ultimate-heading-849969fb3b2a2c21a uvc-1799 \" data-hspacer=\"line_with_icon\" data-hline_width=\"80\" data-hicon_type=\"selector\" data-hborder_style=\"double\" data-hborder_height=\"3\" data-hborder_color=\"rgba(0,0,0,0.15)\" data-icon_width=\"10\" data-hfixer=\"10\"  data-halign=\"center\" style=\"text-align:center\"><div class=\"uvc-main-heading ult-responsive\"  data-ultimate-target='.uvc-heading.ultimate-heading-849969fb3b2a2c21a h2'  data-responsive-json-new='{\"font-size\":\"desktop:60px;tablet:60px;tablet_portrait:40px;mobile_landscape:40px;mobile:40px;\",\"line-height\":\"desktop:65px;tablet:65px;tablet_portrait:45px;mobile_landscape:45px;mobile:45px;\"}' ><h2 style=\"font-family:&#039;Great Vibes&#039;;--font-weight:theme;color:#c5ab6b;margin-bottom:5px;\">Consultez nos cartes<\/h2><\/div><div class=\"uvc-heading-spacer line_with_icon\" style=\"margin-top:15px;height:10px;\"><div class=\"ult-just-icon-wrapper  \"><div class=\"align-icon\" style=\"text-align:center;\">\n<div class=\"aio-icon none \"  style=\"color:rgba(0,0,0,0.25);font-size:10px;display:inline-block;\">\n\t<i class=\"icomoon-free-social-contact-16x16-svg\"><\/i>\n<\/div><\/div><\/div><\/div><\/div>[\/vc_column][\/vc_row][vc_row][vc_column width=&#8221;1\/2&#8243;][vc_btn title=&#8221;Vins, ap\u00e9ritifs et boissons sans alcool&#8221; color=&#8221;sandy-brown&#8221; size=&#8221;lg&#8221; align=&#8221;center&#8221; css_animation=&#8221;slideInLeft&#8221; button_block=&#8221;true&#8221; link=&#8221;url:https%3A%2F%2Fwww.odelicesdespapilles.fr%2Findex.php%2Fmenu%2Faperitifs-et-boissons-sans-alcool-2%2F&#8221;][\/vc_column][vc_column width=&#8221;1\/2&#8243;][vc_btn title=&#8221;Carte &#038; menus, vin au verre&#8221; color=&#8221;sandy-brown&#8221; size=&#8221;lg&#8221; align=&#8221;center&#8221; css_animation=&#8221;slideInUp&#8221; button_block=&#8221;true&#8221; link=&#8221;url:https%3A%2F%2Fwww.odelicesdespapilles.fr%2Findex.php%2Fmenu%2Fcarte-et-menu-vin-au-verre%2F&#8221;][\/vc_column][\/vc_row][vc_row][vc_column css=&#8221;.vc_custom_1658204021642{padding-top: 40px !important;padding-bottom: 40px !important;}&#8221;][vc_zigzag css=&#8221;.vc_custom_1658203992375{padding-top: 20px !important;padding-bottom: 20px !important;}&#8221;][vc_text_separator title=&#8221;Bon cadeau&#8221;][\/vc_column][\/vc_row][vc_row][vc_column width=&#8221;2\/3&#8243;][vc_single_image image=&#8221;1180&#8243; img_size=&#8221;700&#215;550&#8243;][\/vc_column][vc_column width=&#8221;1\/3&#8243;][vc_zigzag]<div id=\"ultimate-heading-854869fb3b2a2c28a\" class=\"uvc-heading ult-adjust-bottom-margin ultimate-heading-854869fb3b2a2c28a uvc-8731  uvc-heading-default-font-sizes\" data-hspacer=\"no_spacer\"  data-halign=\"center\" style=\"text-align:center\"><div class=\"uvc-heading-spacer no_spacer\" style=\"top\"><\/div><div class=\"uvc-main-heading ult-responsive\"  data-ultimate-target='.uvc-heading.ultimate-heading-854869fb3b2a2c28a h2'  data-responsive-json-new='{\"font-size\":\"\",\"line-height\":\"\"}' ><h2 style=\"font-family:&#039;Great Vibes&#039;;--font-weight:theme;color:#c5ab6b;\">Bon cadeau<\/h2><\/div><div class=\"uvc-sub-heading ult-responsive\"  data-ultimate-target='.uvc-heading.ultimate-heading-854869fb3b2a2c28a .uvc-sub-heading '  data-responsive-json-new='{\"font-size\":\"\",\"line-height\":\"\"}'  style=\"font-weight:normal;\"><\/p>\n<p style=\"text-align: left;\">Pensez \u00e0 offrir une carte cadeau <span class=\"pq6dq46d tbxw36s4 knj5qynh kvgmc6g5 ditlmg2l oygrvhab nvdbi5me sf5mxxl7 gl3lb2sf hhz5lgdu\"><img loading=\"lazy\" decoding=\"async\" src=\"https:\/\/www.facebook.com\/images\/emoji.php\/v9\/t84\/1\/16\/1f381.png\" alt=\"\ud83c\udf81\" width=\"16\" height=\"16\" \/><\/span> pour un instant gourmand !<\/p>\n<p>Les bons cadeaux peuvent \u00eatre retir\u00e9 au restaurant:<br \/>\n<strong>du mercredi au samedi de 9h00 \u00e0 11h00 et de 17h15 \u00e0 18h00<\/strong><\/p>\n<p>Vous ne pouvez pas vous d\u00e9placer ?<br \/>\nUn envoi par courrier est \u00e9galement possible apr\u00e8s \u00e9tude de votre demande par t\u00e9l\u00e9phone <strong>03 26 72 51 60<\/strong><br \/>\nApr\u00e8s r\u00e9ception de votre r\u00e8glement par ch\u00e8que (3 \u20ac de frais de traitement vous seront demand\u00e9s), nous vous enverrons le bon cadeau \u00e0 votre domicile.<\/p>\n<p style=\"text-align: left;\">Nous nous adaptons \u00e0 vos envies : menu avec ou sans boisson , bon valeur&#8230;<br \/>\nLe bon cadeau est valable <strong>6 mois<\/strong><\/div><\/div>[vc_zigzag][\/vc_column][\/vc_row]<\/p>\n","protected":false},"excerpt":{"rendered":"<p>[vc_row equal_height=&#8221;yes&#8221; type=&#8221;vc_default&#8221; css=&#8221;.vc_custom_1474194287078{padding-bottom: 90px !important;}&#8221;][vc_column css=&#8221;.vc_custom_1671430580825{padding-top: 10px !important;padding-bottom: 0px !important;}&#8221;][\/vc_column][\/vc_row][vc_row][vc_column width=&#8221;1\/2&#8243;][vc_btn title=&#8221;Vins, ap\u00e9ritifs et boissons sans alcool&#8221; color=&#8221;sandy-brown&#8221; size=&#8221;lg&#8221; align=&#8221;center&#8221; css_animation=&#8221;slideInLeft&#8221; button_block=&#8221;true&#8221; link=&#8221;url:https%3A%2F%2Fwww.odelicesdespapilles.fr%2Findex.php%2Fmenu%2Faperitifs-et-boissons-sans-alcool-2%2F&#8221;][\/vc_column][vc_column width=&#8221;1\/2&#8243;][vc_btn title=&#8221;Carte &#038; menus, vin au verre&#8221; color=&#8221;sandy-brown&#8221; size=&#8221;lg&#8221; align=&#8221;center&#8221; css_animation=&#8221;slideInUp&#8221; button_block=&#8221;true&#8221; link=&#8221;url:https%3A%2F%2Fwww.odelicesdespapilles.fr%2Findex.php%2Fmenu%2Fcarte-et-menu-vin-au-verre%2F&#8221;][\/vc_column][\/vc_row][vc_row][vc_column css=&#8221;.vc_custom_1658204021642{padding-top: 40px !important;padding-bottom: 40px !important;}&#8221;][vc_zigzag css=&#8221;.vc_custom_1658203992375{padding-top: 20px !important;padding-bottom: 20px !important;}&#8221;][vc_text_separator title=&#8221;Bon cadeau&#8221;][\/vc_column][\/vc_row][vc_row][vc_column width=&#8221;2\/3&#8243;][vc_single_image image=&#8221;1180&#8243; img_size=&#8221;700&#215;550&#8243;][\/vc_column][vc_column width=&#8221;1\/3&#8243;][vc_zigzag][vc_zigzag][\/vc_column][\/vc_row]<\/p>\n","protected":false},"author":1,"featured_media":0,"parent":0,"menu_order":2,"comment_status":"closed","ping_status":"closed","template":"","meta":{"footnotes":""},"_links":{"self":[{"href":"https:\/\/www.odelicesdespapilles.fr\/index.php\/wp-json\/wp\/v2\/pages\/212"}],"collection":[{"href":"https:\/\/www.odelicesdespapilles.fr\/index.php\/wp-json\/wp\/v2\/pages"}],"about":[{"href":"https:\/\/www.odelicesdespapilles.fr\/index.php\/wp-json\/wp\/v2\/types\/page"}],"author":[{"embeddable":true,"href":"https:\/\/www.odelicesdespapilles.fr\/index.php\/wp-json\/wp\/v2\/users\/1"}],"replies":[{"embeddable":true,"href":"https:\/\/www.odelicesdespapilles.fr\/index.php\/wp-json\/wp\/v2\/comments?post=212"}],"version-history":[{"count":78,"href":"https:\/\/www.odelicesdespapilles.fr\/index.php\/wp-json\/wp\/v2\/pages\/212\/revisions"}],"predecessor-version":[{"id":2651,"href":"https:\/\/www.odelicesdespapilles.fr\/index.php\/wp-json\/wp\/v2\/pages\/212\/revisions\/2651"}],"wp:attachment":[{"href":"https:\/\/www.odelicesdespapilles.fr\/index.php\/wp-json\/wp\/v2\/media?parent=212"}],"curies":[{"name":"wp","href":"https:\/\/api.w.org\/{rel}","templated":true}]}}