{"id":55,"date":"2016-07-12T21:43:22","date_gmt":"2016-07-12T20:43:22","guid":{"rendered":"https:\/\/the7.io\/restaurant\/?page_id=55"},"modified":"2026-03-18T09:33:34","modified_gmt":"2026-03-18T07:33:34","slug":"events","status":"publish","type":"page","link":"https:\/\/www.odelicesdespapilles.fr\/index.php\/events\/","title":{"rendered":"Ev\u00e8nements"},"content":{"rendered":"\t\t<div data-elementor-type=\"wp-page\" data-elementor-id=\"55\" class=\"elementor elementor-55\">\n\t\t\t\t\t\t\t\t\t<section class=\"elementor-section elementor-top-section elementor-element elementor-element-6e74100 elementor-section-boxed elementor-section-height-default elementor-section-height-default\" data-id=\"6e74100\" data-element_type=\"section\">\n\t\t\t\t\t\t<div class=\"elementor-container elementor-column-gap-default\">\n\t\t\t\t\t<div class=\"elementor-column elementor-col-100 elementor-top-column elementor-element elementor-element-65e9c41\" data-id=\"65e9c41\" data-element_type=\"column\">\n\t\t\t<div class=\"elementor-widget-wrap elementor-element-populated\">\n\t\t\t\t\t\t\t\t<div class=\"elementor-element elementor-element-71b04e4 elementor-widget elementor-widget-text-editor\" data-id=\"71b04e4\" data-element_type=\"widget\" data-widget_type=\"text-editor.default\">\n\t\t\t\t<div class=\"elementor-widget-container\">\n\t\t\t<style>\/*! elementor - v3.7.3 - 29-08-2022 *\/\n.elementor-widget-text-editor.elementor-drop-cap-view-stacked .elementor-drop-cap{background-color:#818a91;color:#fff}.elementor-widget-text-editor.elementor-drop-cap-view-framed .elementor-drop-cap{color:#818a91;border:3px solid;background-color:transparent}.elementor-widget-text-editor:not(.elementor-drop-cap-view-default) .elementor-drop-cap{margin-top:8px}.elementor-widget-text-editor:not(.elementor-drop-cap-view-default) .elementor-drop-cap-letter{width:1em;height:1em}.elementor-widget-text-editor .elementor-drop-cap{float:left;text-align:center;line-height:1;font-size:50px}.elementor-widget-text-editor .elementor-drop-cap-letter{display:inline-block}<\/style>\t\t\t\t<p>[vc_row type=&#8221;vc_default&#8221; \ncss=&#8221;.vc_custom_1469303031979{padding-right: 15px \n!important;padding-bottom: 0px !important;padding-left: 15px \n!important;}&#8221;][vc_column css=&#8221;.vc_custom_1469131640008{padding-top: 0px\n !important;padding-bottom: 0px \n!important;}&#8221;][vc_row_inner][vc_column_inner \nwidth=&#8221;1\/2&#8243;]<div id=\"ultimate-heading-913269fb312935f7e\" class=\"uvc-heading ult-adjust-bottom-margin ultimate-heading-913269fb312935f7e uvc-7088 \" data-hspacer=\"no_spacer\"  data-halign=\"center\" style=\"text-align:center\"><div class=\"uvc-heading-spacer no_spacer\" style=\"top\"><\/div><div class=\"uvc-main-heading ult-responsive\"  data-ultimate-target='.uvc-heading.ultimate-heading-913269fb312935f7e h2'  data-responsive-json-new='{\"font-size\":\"desktop:50px;\",\"line-height\":\"desktop:45px;\"}' ><h2 style=\"font-family:&#039;Great\n Vibes&#039;;--font-weight:theme;color:#c5ab6b;\">Bon cadeau<\/h2><\/div><\/div><div id=\"ultimate-heading-766569fb312935ff7\" class=\"uvc-heading ult-adjust-bottom-margin ultimate-heading-766569fb312935ff7 uvc-5931  uvc-heading-default-font-sizes\" data-hspacer=\"no_spacer\"  data-halign=\"center\" style=\"text-align:center\"><div class=\"uvc-heading-spacer no_spacer\" style=\"top\"><\/div><div class=\"uvc-main-heading ult-responsive\"  data-ultimate-target='.uvc-heading.ultimate-heading-766569fb312935ff7 h3'  data-responsive-json-new='{\"font-size\":\"\",\"line-height\":\"\"}' ><h3 style=\"--font-weight:theme;\">En manque d&#8217;inspiration ?<\/h3><\/div><div class=\"uvc-sub-heading ult-responsive\"  data-ultimate-target='.uvc-heading.ultimate-heading-766569fb312935ff7 .uvc-sub-heading '  data-responsive-json-new='{\"font-size\":\"\",\"line-height\":\"\"}'  style=\"font-weight:normal;\"><\/p>\n<p style=\"text-align: left;\">Pensez \u00e0 offrir une carte cadeau <span><img loading=\"lazy\" decoding=\"async\" src=\"https:\/\/www.facebook.com\/images\/emoji.php\/v9\/t84\/1\/16\/1f381.png\" alt=\"\ud83c\udf81\" width=\"16\" height=\"16\"><\/span> pour un instant gourmand !<\/p>\n<p>Les bons cadeaux peuvent \u00eatre retir\u00e9 au restaurant:<br><strong>du mercredi au samedi de 9h00 \u00e0 11h00 et de 17h15 \u00e0 18h00<\/strong><\/p>\n<p>Vous ne pouvez pas vous d\u00e9placer ?<br>Un envoi par courrier est \u00e9galement possible apr\u00e8s \u00e9tude de votre demande par t\u00e9l\u00e9phone <strong>03 26 72 51 60<\/strong><br>Apr\u00e8s\n r\u00e9ception de votre r\u00e8glement par ch\u00e8que (3 \u20ac de frais de traitement \nvous seront demand\u00e9s), nous vous enverrons le bon cadeau \u00e0 votre \ndomicile.<\/p>\n<p style=\"text-align: left;\">Nous nous adaptons \u00e0 vos envies : menu avec ou sans boisson , bon valeur&#8230;<br>Le bon cadeau est valable <strong>6 mois<\/strong><\/div><\/div>[\/vc_column_inner][vc_column_inner\n width=&#8221;1\/2&#8243;][vc_single_image image=&#8221;1180&#8243; \nimg_size=&#8221;700&#215;550&#8243;][\/vc_column_inner][\/vc_row_inner]<\/p>\t\t\t\t\t\t<\/div>\n\t\t\t\t<\/div>\n\t\t\t\t\t<\/div>\n\t\t<\/div>\n\t\t\t\t\t\t\t<\/div>\n\t\t<\/section>\n\t\t\t\t\t\t\t<\/div>\n\t\t","protected":false},"excerpt":{"rendered":"<p>[vc_row type=&#8221;vc_default&#8221; css=&#8221;.vc_custom_1469303031979{padding-right: 15px !important;padding-bottom: 0px !important;padding-left: 15px !important;}&#8221;][vc_column css=&#8221;.vc_custom_1469131640008{padding-top: 0px !important;padding-bottom: 0px !important;}&#8221;][vc_row_inner][vc_column_inner width=&#8221;1\/2&#8243;][\/vc_column_inner][vc_column_inner width=&#8221;1\/2&#8243;][vc_single_image image=&#8221;1180&#8243; img_size=&#8221;700&#215;550&#8243;][\/vc_column_inner][\/vc_row_inner]<\/p>\n","protected":false},"author":1,"featured_media":0,"parent":0,"menu_order":3,"comment_status":"closed","ping_status":"closed","template":"","meta":{"footnotes":""},"_links":{"self":[{"href":"https:\/\/www.odelicesdespapilles.fr\/index.php\/wp-json\/wp\/v2\/pages\/55"}],"collection":[{"href":"https:\/\/www.odelicesdespapilles.fr\/index.php\/wp-json\/wp\/v2\/pages"}],"about":[{"href":"https:\/\/www.odelicesdespapilles.fr\/index.php\/wp-json\/wp\/v2\/types\/page"}],"author":[{"embeddable":true,"href":"https:\/\/www.odelicesdespapilles.fr\/index.php\/wp-json\/wp\/v2\/users\/1"}],"replies":[{"embeddable":true,"href":"https:\/\/www.odelicesdespapilles.fr\/index.php\/wp-json\/wp\/v2\/comments?post=55"}],"version-history":[{"count":86,"href":"https:\/\/www.odelicesdespapilles.fr\/index.php\/wp-json\/wp\/v2\/pages\/55\/revisions"}],"predecessor-version":[{"id":4967,"href":"https:\/\/www.odelicesdespapilles.fr\/index.php\/wp-json\/wp\/v2\/pages\/55\/revisions\/4967"}],"wp:attachment":[{"href":"https:\/\/www.odelicesdespapilles.fr\/index.php\/wp-json\/wp\/v2\/media?parent=55"}],"curies":[{"name":"wp","href":"https:\/\/api.w.org\/{rel}","templated":true}]}}